{"id":852,"date":"2018-07-17T18:55:25","date_gmt":"2018-07-17T15:55:25","guid":{"rendered":"http:\/\/kotkantaiteilijaseura.net\/sivut\/?page_id=852"},"modified":"2026-01-13T17:48:31","modified_gmt":"2026-01-13T15:48:31","slug":"galleria-uusikuva","status":"publish","type":"page","link":"http:\/\/kotkantaiteilijaseura.net\/sivut\/galleria-uusikuva\/","title":{"rendered":""},"content":{"rendered":"\n<p class=\"has-black-color has-text-color has-link-color has-medium-font-size wp-elements-d166d24056b73e8f227fb51faba1c19a\">.<\/p>\n\n\n\n<p>Kuvan l\u00e4hde: <a href=\"https:\/\/www.kasvukaista.fi\/idea\/galleria-uusikuva-uuteen-nousuun-0\" target=\"_blank\" rel=\"noopener\">Kasvukaista.fi<\/a><\/p>\n\n\n\n<p>.<\/p>\n\n\n\n<p><\/p>\n\n\n\n<p class=\"has-text-align-center has-x-large-font-size\" style=\"font-style:normal;font-weight:800;letter-spacing:5px;text-transform:uppercase\"><strong>Galleria Uusikuva<\/strong><\/p>\n\n\n\n<p class=\"has-text-align-center\">___________________________________________________________________________________<\/p>\n\n\n\n<p class=\"has-text-align-center has-x-large-font-size\"><strong>N\u00c4YTTELYKALENTERI 2026<\/strong><\/p>\n\n\n\n<p>.<\/p>\n\n\n\n<p class=\"has-text-align-center\"><strong>Tammikuu 9.\u201331.1.<\/strong><strong><br><\/strong>AAVA: <strong>Kristiina Lempi\u00e4inen-Trzaska \/ taiteilijaryhm\u00e4 Havina<\/strong><strong><br><\/strong>LUOTO: <strong>Ritva Larsson<\/strong><\/p>\n\n\n\n<p class=\"has-text-align-center\"><strong>Helmikuu 6.\u201328.2.<\/strong><strong><br><\/strong>KOKO TILA: <strong>William Dennisuk &amp; Pinja Palviainen<\/strong><\/p>\n\n\n\n<p class=\"has-text-align-center\"><strong>Maaliskuu 6.\u201328.3.<\/strong><strong><br><\/strong>AAVA: <strong>Meri-Pauliina Sund\u00e9n<\/strong><strong><br><\/strong>LUOTO: <strong>Anni Kristiina<\/strong><\/p>\n\n\n\n<p class=\"has-text-align-center\"><strong>Huhtikuu 3.4.\u20132.5.<\/strong><strong><br><\/strong>AAVA: <strong>Heidi Suikkanen<\/strong><br>LUOTO: <strong>Joonas Sirvi\u00f6<\/strong><\/p>\n\n\n\n<p class=\"has-text-align-center\"><strong>Toukokuu 8.\u201330.5.<\/strong><strong><br><\/strong>KOKO TILA: <strong>NEN-Ryhm\u00e4<\/strong><\/p>\n\n\n\n<p class=\"has-text-align-center\"><strong>Kes\u00e4kuu 5.\u201327.6.<\/strong><strong><br><\/strong>KOKO TILA: <strong>KOTKA ART<\/strong><\/p>\n\n\n\n<p class=\"has-text-align-center\"><strong>Hein\u00e4kuu 3.\u201325.7.<\/strong><strong><br><\/strong>KOKO TILA: <strong>KOTKA ART<\/strong><\/p>\n\n\n\n<p class=\"has-text-align-center\"><strong>Elokuu 7.\u201329.8.<\/strong><strong><br><\/strong>AAVA: <strong>Timo Partanen, Irma Tonteri, Laura Vainikka &amp; Tuuli-Anna Viitanen<\/strong><br>LUOTO: <strong>Silja Tusa<\/strong><\/p>\n\n\n\n<p class=\"has-text-align-center\"><strong>Syyskuu 4.\u201326.9.<\/strong><strong><br><\/strong>AAVA: <strong>Maija Jaakonaho &amp; Jonas Vuorma<\/strong><br>LUOTO: <strong>Noora Huolman<\/strong><\/p>\n\n\n\n<p class=\"has-text-align-center\"><strong>Lokakuu 2.\u201324.10.<\/strong><strong><br><\/strong>KOKO TILA:<strong> Sanna Majander &amp; Ulla Sinkkonen<\/strong><\/p>\n\n\n\n<p class=\"has-text-align-center\"><strong>Marraskuu 6.\u201328.11.<\/strong><strong><br><\/strong>KOKO TILA: <strong>Valtteri Saha &amp; Filipp Diatchenko Jasenovich (Saha &amp; Diatchenko)<\/strong><\/p>\n\n\n\n<p class=\"has-text-align-center\"><strong>Joulukuu 4.\u201328.12.<\/strong><strong><br><\/strong>AAVA: <strong>Heta Kananen<\/strong><br>LUOTO: <strong>Maria Rannanheimo<\/strong><\/p>\n\n\n\n<p class=\"has-text-align-center\">___________________________________________________________________________________<\/p>\n\n\n\n<p>.<\/p>\n\n\n\n<p class=\"has-text-align-center\"><a href=\"https:\/\/www.instagram.com\/galleriauusikuva\/\" target=\"_blank\" rel=\"noreferrer noopener\">GALLERIA UUSIKUVAN INSTAGRAM, T\u00c4ST\u00c4!<\/a><\/p>\n\n\n\n<p><strong>AUKIOLOAJAT:<\/strong><br>TI 12\u201318<br>KE 12\u201320<br>TO 12\u201318<br>PE 12\u201318<br>LA 12\u201315<br>SU ja MA suljettu<\/p>\n\n\n\n<p>(<strong>Suljettu pyh\u00e4p\u00e4ivin\u00e4<\/strong>, muina p\u00e4ivin\u00e4 avoinna normaalien aukioloaikojen mukaan.)<\/p>\n\n\n\n<p>.<\/p>\n\n\n\n<p>.<\/p>\n\n\n\n<p>.<\/p>\n\n\n\n<p class=\"has-x-large-font-size\"><strong>Galleria Uusikuva <\/strong><\/p>\n\n\n\n<p>.<\/p>\n\n\n\n<p><strong>Uusikuva on Kotkan Taiteilijaseuran yll\u00e4pit\u00e4m\u00e4 galleria Kotkassa,<\/strong> Satamakadulla, Kantasataman l\u00e4heisyydess\u00e4. N\u00e4yttelyaikoja haettavissa vuosittain avoimen haun kautta, jonka aikataulu ja hakuohjeet l\u00f6yd\u00e4t <a href=\"http:\/\/kotkantaiteilijaseura.net\/sivut\/2025\/03\/nayttelyhaku-galleria-uusikuvaan-vuodelle-2025-2\/\" data-type=\"link\" data-id=\"http:\/\/kotkantaiteilijaseura.net\/sivut\/2025\/03\/nayttelyhaku-galleria-uusikuvaan-vuodelle-2025-2\/\">linkin takaa<\/a>. Vuoden n\u00e4yttelyt valitsee Kotkan Taiteilijaseuran n\u00e4yttelytoimikunta.<\/p>\n\n\n\n<p><strong>Galleria Uusikuvassa j\u00e4rjestet\u00e4\u00e4n s\u00e4\u00e4nn\u00f6llisesti avajaiset jokaisen n\u00e4yttelyn yhteydess\u00e4, ja avajaisiin ovat kaikki l\u00e4mpim\u00e4sti tervetulleita.<\/strong> N\u00e4yttelyt vaihtuvat kuukausittain, ja avajaisajankohta on klo: 17.00, ja se ilmoitetaan aina ensimm\u00e4isen n\u00e4yttelytiedotteen yhteydess\u00e4 (my\u00f6s mahdollisen muutokset). Seuraathan tiedotustamme ajankohtaisten tapahtumien ja n\u00e4yttelyiden osalta!<\/p>\n\n\n\n<p>Jos haluat liitty\u00e4 Galleria Uusikuvan tiedotuslistalle ja saada ajankohtaisia uutisia tulevista n\u00e4yttelyist\u00e4 suoraan s\u00e4hk\u00f6postiisi, l\u00e4het\u00e4 meille viesti osoitteeseen: <strong><a class=\"\">kotkantaiteilijaseura.ry@gmail.com<\/a><\/strong><\/p>\n\n\n\n<p><\/p>\n\n\n\n<p><\/p>\n\n\n\n<p><strong>Osoite:<\/strong><br>Satamakatu 9, 48100 Kotka<\/p>\n\n\n\n<p><strong>Kaikissa asioissa otathan ensisijaisesti yhteytt\u00e4 hallintoon s\u00e4hk\u00f6postitse<\/strong>: <strong><a class=\"\">kotkantaiteilijaseura.ry@gmail.com<\/a><\/strong><\/p>\n\n\n\n<p>Gallerian vahtimestarin puhelin<strong>:<\/strong> 050 577 2718 <\/p>\n","protected":false},"excerpt":{"rendered":"<p>. Kuvan l\u00e4hde: Kasvukaista.fi . Galleria Uusikuva ___________________________________________________________________________________ N\u00c4YTTELYKALENTERI 2026 . Tammikuu 9.\u201331.1.AAVA: Kristiina Lempi\u00e4inen-Trzaska \/ taiteilijaryhm\u00e4 HavinaLUOTO: Ritva Larsson Helmikuu 6.\u201328.2.KOKO TILA: William Dennisuk &amp; Pinja Palviainen Maaliskuu 6.\u201328.3.AAVA:&#8230;<\/p>\n","protected":false},"author":2,"featured_media":853,"parent":0,"menu_order":2,"comment_status":"closed","ping_status":"closed","template":"","meta":{"footnotes":""},"_links":{"self":[{"href":"http:\/\/kotkantaiteilijaseura.net\/sivut\/wp-json\/wp\/v2\/pages\/852"}],"collection":[{"href":"http:\/\/kotkantaiteilijaseura.net\/sivut\/wp-json\/wp\/v2\/pages"}],"about":[{"href":"http:\/\/kotkantaiteilijaseura.net\/sivut\/wp-json\/wp\/v2\/types\/page"}],"author":[{"embeddable":true,"href":"http:\/\/kotkantaiteilijaseura.net\/sivut\/wp-json\/wp\/v2\/users\/2"}],"replies":[{"embeddable":true,"href":"http:\/\/kotkantaiteilijaseura.net\/sivut\/wp-json\/wp\/v2\/comments?post=852"}],"version-history":[{"count":53,"href":"http:\/\/kotkantaiteilijaseura.net\/sivut\/wp-json\/wp\/v2\/pages\/852\/revisions"}],"predecessor-version":[{"id":2794,"href":"http:\/\/kotkantaiteilijaseura.net\/sivut\/wp-json\/wp\/v2\/pages\/852\/revisions\/2794"}],"wp:featuredmedia":[{"embeddable":true,"href":"http:\/\/kotkantaiteilijaseura.net\/sivut\/wp-json\/wp\/v2\/media\/853"}],"wp:attachment":[{"href":"http:\/\/kotkantaiteilijaseura.net\/sivut\/wp-json\/wp\/v2\/media?parent=852"}],"curies":[{"name":"wp","href":"https:\/\/api.w.org\/{rel}","templated":true}]}}