{"id":838,"date":"2018-07-17T17:34:46","date_gmt":"2018-07-17T14:34:46","guid":{"rendered":"http:\/\/kotkantaiteilijaseura.net\/sivut\/?page_id=838"},"modified":"2026-02-02T14:42:58","modified_gmt":"2026-02-02T12:42:58","slug":"kotkan-taiteilijaseura","status":"publish","type":"page","link":"http:\/\/kotkantaiteilijaseura.net\/sivut\/kotkan-taiteilijaseura\/","title":{"rendered":"Kotkan Taiteilijaseura"},"content":{"rendered":"<p class=\"\" data-start=\"102\" data-end=\"583\"><strong>Kotkan Taiteilijaseura ry<\/strong> on Kotkassa ja sen l\u00e4hialueilla toimivien ammattitaiteilijoiden yhdistys. Seura valvoo j\u00e4sentens\u00e4 ammatillisia etuja, tukee taiteilijoiden kehittymist\u00e4 ja edist\u00e4\u00e4 kuvataiteen asemaa paikallisesti sek\u00e4 laajemmin. Yhdistys j\u00e4rjest\u00e4\u00e4 kokouksia, luento- ja keskustelutilaisuuksia sek\u00e4 harjoittaa n\u00e4yttely-, koulutus- ja julkaisutoimintaa. Kotkan Taiteilijaseura on j\u00e4rjest\u00e4nyt n\u00e4yttelyit\u00e4 my\u00f6s kansainv\u00e4lisesti, muun muassa Lyypekiss\u00e4, Pietarissa ja Tartossa.<\/p>\n<p class=\"\" data-start=\"585\" data-end=\"1027\">Seuran varsinaiseksi j\u00e4seneksi voidaan hyv\u00e4ksy\u00e4 Kotkassa tai sen l\u00e4hiymp\u00e4rist\u00f6ss\u00e4 toimiva ammattitaiteilija, monitaiteilija, esitt\u00e4v\u00e4n taiteen edustaja tai taiteen alalla merkitt\u00e4v\u00e4sti ansioitunut henkil\u00f6, jonka hallitus hyv\u00e4ksyy j\u00e4seneksi. Lis\u00e4ksi seuran j\u00e4senyyskriteereiss\u00e4 huomioidaan uusien kuvataiteen muotojen ja taiteellisten suuntausten kehittyminen, jotta seura voi osaltaan rikastaa taidekentt\u00e4\u00e4 monimuotoisesti ja ajankohtaisesti.<\/p>\n<p class=\"\" data-start=\"1029\" data-end=\"1341\">Kotkan Taiteilijaseuran j\u00e4senist\u00f6 muodostuu laajasta ja moni\u00e4\u00e4nisest\u00e4 joukosta kuvataiteen ammattilaisia, joiden osaaminen ulottuu perinteisist\u00e4 taiteen muodoista uusimpiin ilmaisun keinoihin. Yhteis\u00f6 toimii aktiivisesti n\u00e4yttelytoiminnan, yhteisty\u00f6projektien ja alueellisen kulttuuriel\u00e4m\u00e4n kehitt\u00e4misen parissa.<\/p>\n<h2>Taiteilijat<\/h2>\n<p>Bj\u00f6rninen Anne-Maria<br data-start=\"201\" data-end=\"204\" \/>Diatchenko Jasenovich Filipp<br data-start=\"232\" data-end=\"235\" data-is-only-node=\"\" \/>Fortuna Katarina<br data-start=\"251\" data-end=\"254\" \/>G\u00fcnther Inka<br data-start=\"266\" data-end=\"269\" \/>Heino Olavi<br data-start=\"280\" data-end=\"283\" \/>Heinonen Elisa<br data-start=\"297\" data-end=\"300\" \/>Hintsala Aleksandra<br data-start=\"319\" data-end=\"322\" \/>Hirvel\u00e4 Markku<br data-start=\"336\" data-end=\"339\" \/>H\u00e4m\u00e4l\u00e4inen Hanna-Elina<br data-start=\"361\" data-end=\"364\" \/>Kallavuo Mikko<br data-start=\"378\" data-end=\"381\" \/>Kananen Heta<br data-start=\"393\" data-end=\"396\" \/>Karjalainen Juho<br data-start=\"412\" data-end=\"415\" \/>Karjalainen Leena<br data-start=\"432\" data-end=\"435\" \/>Kein\u00e4nen Mauri<br data-start=\"449\" data-end=\"452\" \/>Kiirikoff Marikka<br data-start=\"469\" data-end=\"472\" \/>Kosonen Eka Teriina Vea<br data-start=\"483\" data-end=\"486\" \/>Kiri Henni<br data-start=\"496\" data-end=\"499\" \/>Kronstr\u00f6m-Johansson Riikka<br data-start=\"525\" data-end=\"528\" \/>Kullberg Jean-Erik<br data-start=\"546\" data-end=\"549\" \/>K\u00e4rkk\u00e4inen Inkeri<br data-start=\"566\" data-end=\"569\" \/>K\u00e4\u00e4ri\u00e4 Miram<br data-start=\"581\" data-end=\"584\" \/>Laajalahti Maija<br data-start=\"600\" data-end=\"603\" \/>Laiho Leena<br data-start=\"614\" data-end=\"617\" \/>Laisi Ulla<br data-start=\"627\" data-end=\"630\" \/>Laukkanen Irma<br data-start=\"644\" data-end=\"647\" \/>Lempi\u00e4inen-Trzaska Kristiina<br data-start=\"675\" data-end=\"678\" \/>Lento Kirsti<br data-start=\"690\" data-end=\"693\" \/>Mantere Olli<br data-start=\"705\" data-end=\"708\" \/>Martinoff Minerva<br data-start=\"725\" data-end=\"728\" \/>Matilainen Hannu<br data-start=\"744\" data-end=\"747\" \/>Meril\u00e4inen Tuuli<br data-start=\"763\" data-end=\"766\" \/>Metso Juho<br data-start=\"776\" data-end=\"779\" \/>Naakka Pilvi<br data-start=\"791\" data-end=\"794\" \/>Nieminen Heini<br data-start=\"808\" data-end=\"811\" \/>Nironen Iida-Maria<br data-start=\"829\" data-end=\"832\" \/>Paakkinen Helena<br data-start=\"848\" data-end=\"851\" \/>Pentti Matteus<br data-start=\"865\" data-end=\"868\" \/>Raasu Anni<br data-start=\"878\" data-end=\"881\" \/>Randen Anne<br data-start=\"892\" data-end=\"895\" \/>Salmiaitta Udi<br data-start=\"909\" data-end=\"912\" \/>Salminen Leena-Riitta<br data-start=\"933\" data-end=\"936\" \/>Sihvonen Mari<br data-start=\"949\" data-end=\"952\" \/>Siira Virpi<br data-start=\"972\" data-end=\"975\" \/>Sinisalo Tapio<br data-start=\"989\" data-end=\"992\" \/>Siro Marjut<br data-start=\"1003\" data-end=\"1006\" \/>Tarmo Irmeli<br data-start=\"1018\" data-end=\"1021\" \/>Torikka Iina<br data-start=\"1033\" data-end=\"1036\" \/>Turunen Marko<br data-start=\"1049\" data-end=\"1052\" \/>Uski Johanna<br data-start=\"1064\" data-end=\"1067\" \/>Vainio Saara<br data-start=\"1079\" data-end=\"1082\" \/>Vainonen Raila<br data-start=\"1096\" data-end=\"1099\" \/>Vasku Juha<br data-start=\"1109\" data-end=\"1112\" \/>Vezi Nina<br data-start=\"1121\" data-end=\"1124\" \/>V\u00e4\u00e4n\u00e4nen Seppo<br data-start=\"1138\" data-end=\"1141\" \/>Ylinen-Virtanen Eija<\/p>\n<h2><a href=\"https:\/\/www.instagram.com\/kotkantaiteilijaseura\/\" target=\"_blank\" rel=\"noopener\">KOTKAN TAITEILIJASEURAN INSTAGRAM, T\u00c4ST\u00c4!<\/a><\/h2>\n","protected":false},"excerpt":{"rendered":"<p>Kotkan Taiteilijaseura ry on Kotkassa ja sen l\u00e4hialueilla toimivien ammattitaiteilijoiden yhdistys. Seura valvoo j\u00e4sentens\u00e4 ammatillisia etuja, tukee taiteilijoiden kehittymist\u00e4 ja edist\u00e4\u00e4 kuvataiteen asemaa paikallisesti sek\u00e4 laajemmin. Yhdistys j\u00e4rjest\u00e4\u00e4 kokouksia, luento-&#8230;<\/p>\n","protected":false},"author":2,"featured_media":0,"parent":0,"menu_order":1,"comment_status":"closed","ping_status":"closed","template":"","meta":{"footnotes":""},"_links":{"self":[{"href":"http:\/\/kotkantaiteilijaseura.net\/sivut\/wp-json\/wp\/v2\/pages\/838"}],"collection":[{"href":"http:\/\/kotkantaiteilijaseura.net\/sivut\/wp-json\/wp\/v2\/pages"}],"about":[{"href":"http:\/\/kotkantaiteilijaseura.net\/sivut\/wp-json\/wp\/v2\/types\/page"}],"author":[{"embeddable":true,"href":"http:\/\/kotkantaiteilijaseura.net\/sivut\/wp-json\/wp\/v2\/users\/2"}],"replies":[{"embeddable":true,"href":"http:\/\/kotkantaiteilijaseura.net\/sivut\/wp-json\/wp\/v2\/comments?post=838"}],"version-history":[{"count":42,"href":"http:\/\/kotkantaiteilijaseura.net\/sivut\/wp-json\/wp\/v2\/pages\/838\/revisions"}],"predecessor-version":[{"id":2801,"href":"http:\/\/kotkantaiteilijaseura.net\/sivut\/wp-json\/wp\/v2\/pages\/838\/revisions\/2801"}],"wp:attachment":[{"href":"http:\/\/kotkantaiteilijaseura.net\/sivut\/wp-json\/wp\/v2\/media?parent=838"}],"curies":[{"name":"wp","href":"https:\/\/api.w.org\/{rel}","templated":true}]}}