{"id":2141,"date":"2023-01-29T14:16:24","date_gmt":"2023-01-29T12:16:24","guid":{"rendered":"http:\/\/kotkantaiteilijaseura.net\/sivut\/?page_id=2141"},"modified":"2026-01-13T17:50:56","modified_gmt":"2026-01-13T15:50:56","slug":"kotkan-taidelainaamo","status":"publish","type":"page","link":"http:\/\/kotkantaiteilijaseura.net\/sivut\/kotkan-taidelainaamo\/","title":{"rendered":"Kotkan Taidelainaamo"},"content":{"rendered":"\n<h2 class=\"wp-block-heading\">Kotkan Taidelainaamo sijaitsee Kotkassa,<\/h2>\n\n\n\n<h2 class=\"wp-block-heading\"> Galleria Uusikuvassa ja on osa <a href=\"https:\/\/kaakontaidelainaamo.fi\/public\/go.php\" data-type=\"URL\" data-id=\"http:\/\/www.e-ktaidelainaamo.fi\">Kaakon Taidelainaamoa<\/a>.<\/h2>\n\n\n\n<blockquote class=\"wp-block-quote\">\n<p>Meilt\u00e4 voi ostaa tai vuokrata paikallisten taiteilijoiden teoksia.<\/p>\n<\/blockquote>\n\n\n\n<p><strong>Oletko kiinnostunut lainaamo ketjumme j\u00e4seneksi hakemisesta? Tai oletko jo j\u00e4sen ja tarvitset jotakin lis\u00e4tietoa? Kaikki lainaamo-ohjeet taiteilijoille l\u00f6ytyv\u00e4t <a href=\"https:\/\/kaakontaidelainaamo.fi\/public\/go.php\">Kaakon Taidelainaamon verkkosivulta<\/a>!!<\/strong><\/p>\n","protected":false},"excerpt":{"rendered":"<p>Kotkan Taidelainaamo sijaitsee Kotkassa, Galleria Uusikuvassa ja on osa Kaakon Taidelainaamoa. Meilt\u00e4 voi ostaa tai vuokrata paikallisten taiteilijoiden teoksia. Oletko kiinnostunut lainaamo ketjumme j\u00e4seneksi hakemisesta? Tai oletko jo j\u00e4sen ja&#8230;<\/p>\n","protected":false},"author":2,"featured_media":0,"parent":0,"menu_order":3,"comment_status":"closed","ping_status":"closed","template":"","meta":{"footnotes":""},"_links":{"self":[{"href":"http:\/\/kotkantaiteilijaseura.net\/sivut\/wp-json\/wp\/v2\/pages\/2141"}],"collection":[{"href":"http:\/\/kotkantaiteilijaseura.net\/sivut\/wp-json\/wp\/v2\/pages"}],"about":[{"href":"http:\/\/kotkantaiteilijaseura.net\/sivut\/wp-json\/wp\/v2\/types\/page"}],"author":[{"embeddable":true,"href":"http:\/\/kotkantaiteilijaseura.net\/sivut\/wp-json\/wp\/v2\/users\/2"}],"replies":[{"embeddable":true,"href":"http:\/\/kotkantaiteilijaseura.net\/sivut\/wp-json\/wp\/v2\/comments?post=2141"}],"version-history":[{"count":15,"href":"http:\/\/kotkantaiteilijaseura.net\/sivut\/wp-json\/wp\/v2\/pages\/2141\/revisions"}],"predecessor-version":[{"id":2795,"href":"http:\/\/kotkantaiteilijaseura.net\/sivut\/wp-json\/wp\/v2\/pages\/2141\/revisions\/2795"}],"wp:attachment":[{"href":"http:\/\/kotkantaiteilijaseura.net\/sivut\/wp-json\/wp\/v2\/media?parent=2141"}],"curies":[{"name":"wp","href":"https:\/\/api.w.org\/{rel}","templated":true}]}}